{"id":440,"date":"2026-03-04T11:38:24","date_gmt":"2026-03-04T10:38:24","guid":{"rendered":"https:\/\/remoria.games\/?post_type=product&#038;p=440"},"modified":"2026-03-04T11:58:15","modified_gmt":"2026-03-04T10:58:15","slug":"fundas-pro-fit","status":"publish","type":"product","link":"https:\/\/remoria.games\/?product=fundas-pro-fit","title":{"rendered":"Fundas Pro Fit"},"content":{"rendered":"<p>Contiene 100 fundas de tama\u00f1o Pro fit (perfect fit) ideales para proteger mazos o cartas de valor que vayan en \u00e1lbumes o displays. Se puede combinar con fundas de tama\u00f1o standard para darles a las cartas una segunda capa de protecci\u00f3n.<\/p>\n","protected":false},"excerpt":{"rendered":"<p>Contiene 100 fundas de tama\u00f1o Pro fit (perfect fit) ideales para proteger mazos o cartas de valor que vayan en \u00e1lbumes o displays. Se puede combinar con fundas de tama\u00f1o standard para darles a las cartas una segunda capa de protecci\u00f3n.<\/p>\n","protected":false},"featured_media":442,"comment_status":"open","ping_status":"closed","template":"","meta":[],"product_brand":[138],"product_cat":[129],"product_tag":[132,141,133,142,18,143],"class_list":{"0":"post-440","1":"product","2":"type-product","3":"status-publish","4":"has-post-thumbnail","6":"product_brand-ultra-pro","7":"product_cat-cajas-y-fundas","8":"product_tag-fundas","9":"product_tag-perfect-fit","10":"product_tag-sobres","11":"product_tag-standard","12":"product_tag-tcg","13":"product_tag-ultra-pro","15":"first","16":"outofstock","17":"sale","18":"taxable","19":"shipping-taxable","20":"purchasable","21":"product-type-simple"},"wc_booster_product_categories":[{"id":129,"name":"Cajas y fundas"}],"wc_booster_product_price":"<del aria-hidden=\"true\"><span class=\"woocommerce-Price-amount amount\"><bdi>3,00&nbsp;<span class=\"woocommerce-Price-currencySymbol\">&euro;<\/span><\/bdi><\/span><\/del> <span class=\"screen-reader-text\">Original price was: 3,00&nbsp;&euro;.<\/span><ins aria-hidden=\"true\"><span class=\"woocommerce-Price-amount amount\"><bdi>2,75&nbsp;<span class=\"woocommerce-Price-currencySymbol\">&euro;<\/span><\/bdi><\/span><\/ins><span class=\"screen-reader-text\">Current price is: 2,75&nbsp;&euro;.<\/span>","wc_booster_product_rating":"","wc_booster_product_banner_img":false,"wc_booster_product_reviews":[],"wc_booster_product_stock_data":{"manage_stock":true,"total_stock":0,"sold_stock":0},"_links":{"self":[{"href":"https:\/\/remoria.games\/index.php?rest_route=\/wp\/v2\/product\/440","targetHints":{"allow":["GET"]}}],"collection":[{"href":"https:\/\/remoria.games\/index.php?rest_route=\/wp\/v2\/product"}],"about":[{"href":"https:\/\/remoria.games\/index.php?rest_route=\/wp\/v2\/types\/product"}],"replies":[{"embeddable":true,"href":"https:\/\/remoria.games\/index.php?rest_route=%2Fwp%2Fv2%2Fcomments&post=440"}],"wp:featuredmedia":[{"embeddable":true,"href":"https:\/\/remoria.games\/index.php?rest_route=\/wp\/v2\/media\/442"}],"wp:attachment":[{"href":"https:\/\/remoria.games\/index.php?rest_route=%2Fwp%2Fv2%2Fmedia&parent=440"}],"wp:term":[{"taxonomy":"product_brand","embeddable":true,"href":"https:\/\/remoria.games\/index.php?rest_route=%2Fwp%2Fv2%2Fproduct_brand&post=440"},{"taxonomy":"product_cat","embeddable":true,"href":"https:\/\/remoria.games\/index.php?rest_route=%2Fwp%2Fv2%2Fproduct_cat&post=440"},{"taxonomy":"product_tag","embeddable":true,"href":"https:\/\/remoria.games\/index.php?rest_route=%2Fwp%2Fv2%2Fproduct_tag&post=440"}],"curies":[{"name":"wp","href":"https:\/\/api.w.org\/{rel}","templated":true}]}}